{"id":30891,"date":"2024-09-05T10:57:28","date_gmt":"2024-09-05T08:57:28","guid":{"rendered":"https:\/\/utveckling.visiondevelop.nu\/inatech\/website-info\/"},"modified":"2024-09-18T14:52:54","modified_gmt":"2024-09-18T12:52:54","slug":"website-info","status":"publish","type":"page","link":"https:\/\/inatech.se\/en\/website-info\/","title":{"rendered":"Website info"},"content":{"rendered":"<p>[et_pb_section fb_built=&#8221;1&#8243; custom_padding_last_edited=&#8221;on|phone&#8221; _builder_version=&#8221;4.27.0&#8243; _dynamic_attributes=&#8221;background_image&#8221; background_color=&#8221;#000000&#8243; use_background_color_gradient=&#8221;on&#8221; background_color_gradient_stops=&#8221;rgba(0,0,0,0.2) 0%|rgba(0,0,0,0.4) 100%&#8221; background_color_gradient_overlays_image=&#8221;on&#8221; background_image=&#8221;@ET-DC@eyJkeW5hbWljIjp0cnVlLCJjb250ZW50IjoicG9zdF9mZWF0dXJlZF9pbWFnZSIsInNldHRpbmdzIjp7fX0=@&#8221; custom_padding=&#8221;150px||100px||false|false&#8221; custom_padding_tablet=&#8221;120px||80px||false|false&#8221; custom_padding_phone=&#8221;100px||60px||false|false&#8221; da_disable_devices=&#8221;off|off|off&#8221; saved_tabs=&#8221;all&#8221; global_colors_info=&#8221;{}&#8221;][et_pb_row _builder_version=&#8221;4.27.0&#8243; width=&#8221;90%&#8221; custom_margin=&#8221;0px||0px||true|false&#8221; custom_padding=&#8221;0px||0px||true|false&#8221; global_colors_info=&#8221;{}&#8221;][et_pb_column type=&#8221;4_4&#8243; _builder_version=&#8221;4.16&#8243; custom_padding=&#8221;|||&#8221; global_colors_info=&#8221;{}&#8221; custom_padding__hover=&#8221;|||&#8221;][et_pb_post_title meta=&#8221;off&#8221; featured_image=&#8221;off&#8221; _builder_version=&#8221;4.27.0&#8243; title_font=&#8221;|700|||||||&#8221; title_text_align=&#8221;left&#8221; title_text_color=&#8221;#FFFFFF&#8221; title_font_size=&#8221;50px&#8221; title_line_height=&#8221;60px&#8221; title_font_size_tablet=&#8221;40px&#8221; title_font_size_phone=&#8221;30px&#8221; title_font_size_last_edited=&#8221;on|phone&#8221; title_line_height_tablet=&#8221;50px&#8221; title_line_height_phone=&#8221;40px&#8221; title_line_height_last_edited=&#8221;on|desktop&#8221; global_colors_info=&#8221;{}&#8221;][\/et_pb_post_title][\/et_pb_column][\/et_pb_row][\/et_pb_section][et_pb_section fb_built=&#8221;1&#8243; custom_padding_last_edited=&#8221;on|desktop&#8221; admin_label=&#8221;Featured Products&#8221; module_id=&#8221;website-info&#8221; _builder_version=&#8221;4.27.0&#8243; background_color=&#8221;#ededed&#8221; custom_padding=&#8221;120px|0px|120px|0px|true|false&#8221; custom_padding_tablet=&#8221;80px||80px||true|false&#8221; custom_padding_phone=&#8221;60px||60px||true|false&#8221; hover_enabled=&#8221;0&#8243; da_is_popup=&#8221;off&#8221; da_popup_slug=&#8221;website-info&#8221; da_is_singular=&#8221;on&#8221; da_exit_intent=&#8221;on&#8221; da_disable_devices=&#8221;off|off|off&#8221; global_colors_info=&#8221;{}&#8221; sticky_enabled=&#8221;0&#8243;][et_pb_row _builder_version=&#8221;4.27.0&#8243; _module_preset=&#8221;default&#8221; custom_margin=&#8221;0px||0px||true|false&#8221; custom_padding=&#8221;0px||0px||true|false&#8221; global_colors_info=&#8221;{}&#8221;][et_pb_column type=&#8221;4_4&#8243; _builder_version=&#8221;4.27.0&#8243; _module_preset=&#8221;default&#8221; global_colors_info=&#8221;{}&#8221;][et_pb_text _builder_version=&#8221;4.27.0&#8243; _module_preset=&#8221;default&#8221; hover_enabled=&#8221;0&#8243; global_colors_info=&#8221;{}&#8221; sticky_enabled=&#8221;0&#8243;]<\/p>\n<p>Upphovsr\u00e4tt m.m.<\/p>\n<p>Inneh\u00e5llet i dessa Internetpresentationer \u00e4r upphovsr\u00e4ttsligt skyddat. Nedladdning av inneh\u00e5llet i denna Internetpresentation f\u00e5r endast ske f\u00f6r personligt, icke kommersiellt, internt bruk. F\u00f6r \u00f6vrigt f\u00e5r logotyper, grafik, text eller bilder p\u00e5 dessa Internetsidor endast anv\u00e4ndas efter skriftlig \u00f6verenskommelse med respektive upphovsr\u00e4ttsinnehavare. Anv\u00e4ndning omfattar men \u00e4r inte begr\u00e4nsat till kopiering, annat m\u00e5ngfaldnigande, f\u00f6r\u00e4ndring, publicering, nedladdning, vidarebefordring. L\u00e4nkar som h\u00e4nvisar till Inatech Industriautomation AB\u2019s utbud f\u00e5r inte ge intryck av att inneh\u00e5llet p\u00e5 dessa sidor \u00e4r del av en annan sidan utbud.<\/p>\n<p>Burmek, Bautech och Randek \u00e4r registrerade varum\u00e4rken som \u00e4gs av Randek AB.<\/p>\n<p>Cookies (kakor)\u00a0<\/p>\n<p>En kaka (cookie) \u00e4r en liten textfil som en webbplats beg\u00e4r att f\u00e5 spara p\u00e5 bes\u00f6karens dator. Enligt lagen om elektronisk kommunikation ska alla som bes\u00f6ker en webbplats med kakor f\u00e5 information om detta. Post- och telestyrelsen, som \u00e4r tillsynsmyndighet p\u00e5 omr\u00e5det, l\u00e4mnar ytterligare information om kakor p\u00e5 sin webbplats,\u00a0www.pts.se\/cookies. Om du inte accepterar cookies kan du st\u00e4lla in din webbl\u00e4sare s\u00e5 att den automatiskt nekar cookies eller informeras varje g\u00e5ng en webbplats beg\u00e4r att f\u00e5 lagra en kaka. Genom webbl\u00e4saren kan ocks\u00e5 tidigare lagrade kakor raderas.<\/p>\n<p>Inatech\u2019s hemsida anv\u00e4nder cookies f\u00f6r spr\u00e5khanteringen\u00a0av sidorna. Kakan f\u00f6rfaller vi sessionens slut.Copyrights, etc.<\/p>\n<p>The content of these internet presentations are protected by copyright. The download of the content of this Internet presentation may only be made for personal, noncommercial, internal use.\u00a0The\u00a0logos, graphics, text or images on this website may only be used\u00a0by written agreement with the\u00a0copyright holders respectively. Use includes but is not limited to copying, other reproduction, modification, publishing, downloading, forwarding. Links referring to Inatech Industriautomation AB\u2019s services may not give the impression that the content of these pages are part of another page selection.<\/p>\n<p>Burmek, Bautech and Randek are registered trademarks of Randek AB.<\/p>\n<p>Cookies<\/p>\n<p>A cookie is a small text file a website wants to save on your computer. Under the Electronic Communications Act, anyone who visits a website with cookies to obtain information about this. Post-\u00a0och Telestyrelsen, which is the Swedish supervisory authority in the field, provides additional information about cookies on its website, www.pts.se \/ cookies. If you do not accept cookies you can set your browser to automatically decline cookies or are informed every time a website asks to store a cookie. The browser can also delete previously stored cookies.<\/p>\n<p>Inatech\u2019s website uses cookies for the language selection of the pages. The cookie expires at the end of the session.<\/p>\n<p>Copyrights, etc.<\/p>\n<p>Der Inhalt dieser Internet-Pr\u00e4sentationen sind urheberrechtlich gesch\u00fctzt. Das Herunterladen\u00a0des Inhalts dieser Internet-Pr\u00e4sentation darf ausschlie\u00dflich nur\u00a0f\u00fcr private, nicht-kommerziellen, internen Gebrauch gemacht werden. Logos, Grafiken, Text oder Bilder auf dieser Webseite d\u00fcrfen nur nach schriftlicher Vereinbarung mit repektive Rechteinhaber verwendet werden.\u00a0Mit verwenden ist\u00a0kopieren, andere Vervielf\u00e4ltigung, \u00c4nderung, Ver\u00f6ffentlichung, das Herunterladen gemeint. Links, die auf Inatech Industriautomation AB\u2019s Homepage hinweisst,\u00a0darf nicht der Eindruck entstehen, dass der Inhalt dieser Seiten sei Teil einer anderen Seitenauswahl stehen.<\/p>\n<p>Burmek, Bautech und Randek sind eingetragene Warenzeichen der Randek AB registriert.<\/p>\n<p>Cookies<\/p>\n<p>Ein Cookie ist eine kleine Textdatei, die eine Website auf Ihrem Computer speichern m\u00f6chte. Unter dem Gesetz \u00fcber elektronische Kommunikation,\u00a0muss eine Website-Besucher<br \/>durch Cookies informiert werden. Post och Telestyrelsen in Schweden, welche die Aufsichtsbeh\u00f6rde in das Feld ist, liefert zus\u00e4tzliche Informationen \u00fcber Cookies auf ihrer Website, www.pts.se \/ Cookies. Wenn Sie keine Cookies akzeptieren m\u00f6chte, k\u00f6nnen\u00a0Sie\u00a0Ihren Browser f\u00fcr automatische Ablehnung oder\u00a0Cookie-Information einstellen. Der Browser kann auch\u00a0zuvor gespeicherten Cookies l\u00f6schen.<\/p>\n<p>Die Inatech Website verwendet Cookies f\u00fcr die Sprachverarbeitung der Seiten. Das Cookie verf\u00e4llt wenn die Sitzung beenden ist.<\/p>\n<p>[\/et_pb_text][\/et_pb_column][\/et_pb_row][et_pb_row _builder_version=&#8221;4.27.0&#8243; _module_preset=&#8221;default&#8221; global_colors_info=&#8221;{}&#8221;][et_pb_column type=&#8221;4_4&#8243; _builder_version=&#8221;4.27.0&#8243; _module_preset=&#8221;default&#8221; global_colors_info=&#8221;{}&#8221;][\/et_pb_column][\/et_pb_row][\/et_pb_section][et_pb_section fb_built=&#8221;1&#8243; theme_builder_area=&#8221;post_content&#8221; _builder_version=&#8221;4.27.0&#8243; _module_preset=&#8221;default&#8221;][et_pb_row _builder_version=&#8221;4.27.0&#8243; _module_preset=&#8221;default&#8221; theme_builder_area=&#8221;post_content&#8221;][et_pb_column _builder_version=&#8221;4.27.0&#8243; _module_preset=&#8221;default&#8221; type=&#8221;4_4&#8243; theme_builder_area=&#8221;post_content&#8221;][\/et_pb_column][\/et_pb_row][\/et_pb_section]<\/p>\n","protected":false},"excerpt":{"rendered":"<p>Upphovsr\u00e4tt m.m. Inneh\u00e5llet i dessa Internetpresentationer \u00e4r upphovsr\u00e4ttsligt skyddat. Nedladdning av inneh\u00e5llet i denna Internetpresentation f\u00e5r endast ske f\u00f6r personligt, icke kommersiellt, internt bruk. F\u00f6r \u00f6vrigt f\u00e5r logotyper, grafik, text eller bilder p\u00e5 dessa Internetsidor endast anv\u00e4ndas efter skriftlig \u00f6verenskommelse med respektive upphovsr\u00e4ttsinnehavare. Anv\u00e4ndning omfattar men \u00e4r inte begr\u00e4nsat till kopiering, annat m\u00e5ngfaldnigande, f\u00f6r\u00e4ndring, publicering, [&hellip;]<\/p>\n","protected":false},"author":1,"featured_media":30839,"parent":0,"menu_order":0,"comment_status":"closed","ping_status":"closed","template":"","meta":{"_et_pb_use_builder":"on","_et_pb_old_content":"","_et_gb_content_width":"","footnotes":""},"class_list":["post-30891","page","type-page","status-publish","has-post-thumbnail","hentry"],"yoast_head":"<!-- This site is optimized with the Yoast SEO plugin v27.6 - https:\/\/yoast.com\/product\/yoast-seo-wordpress\/ -->\n<title>Website info - INATECH Industriautomation AB<\/title>\n<meta name=\"robots\" content=\"index, follow, max-snippet:-1, max-image-preview:large, max-video-preview:-1\" \/>\n<link rel=\"canonical\" href=\"https:\/\/inatech.se\/website-info\/\" \/>\n<meta property=\"og:locale\" content=\"en_US\" \/>\n<meta property=\"og:type\" content=\"article\" \/>\n<meta property=\"og:title\" content=\"Website info - INATECH Industriautomation AB\" \/>\n<meta property=\"og:description\" content=\"Upphovsr\u00e4tt m.m. Inneh\u00e5llet i dessa Internetpresentationer \u00e4r upphovsr\u00e4ttsligt skyddat. Nedladdning av inneh\u00e5llet i denna Internetpresentation f\u00e5r endast ske f\u00f6r personligt, icke kommersiellt, internt bruk. F\u00f6r \u00f6vrigt f\u00e5r logotyper, grafik, text eller bilder p\u00e5 dessa Internetsidor endast anv\u00e4ndas efter skriftlig \u00f6verenskommelse med respektive upphovsr\u00e4ttsinnehavare. Anv\u00e4ndning omfattar men \u00e4r inte begr\u00e4nsat till kopiering, annat m\u00e5ngfaldnigande, f\u00f6r\u00e4ndring, publicering, [&hellip;]\" \/>\n<meta property=\"og:url\" content=\"https:\/\/inatech.se\/website-info\/\" \/>\n<meta property=\"og:site_name\" content=\"INATECH Industriautomation AB\" \/>\n<meta property=\"article:modified_time\" content=\"2024-09-18T12:52:54+00:00\" \/>\n<meta property=\"og:image\" content=\"https:\/\/inatech.se\/wp-content\/uploads\/2024\/09\/1-1.jpg\" \/>\n\t<meta property=\"og:image:width\" content=\"1920\" \/>\n\t<meta property=\"og:image:height\" content=\"1280\" \/>\n\t<meta property=\"og:image:type\" content=\"image\/jpeg\" \/>\n<meta name=\"twitter:card\" content=\"summary_large_image\" \/>\n<meta name=\"twitter:label1\" content=\"Est. reading time\" \/>\n\t<meta name=\"twitter:data1\" content=\"5 minutes\" \/>\n<script type=\"application\/ld+json\" class=\"yoast-schema-graph\">{\"@context\":\"https:\\\/\\\/schema.org\",\"@graph\":[{\"@type\":\"WebPage\",\"@id\":\"https:\\\/\\\/inatech.se\\\/website-info\\\/\",\"url\":\"https:\\\/\\\/inatech.se\\\/website-info\\\/\",\"name\":\"Website info - INATECH Industriautomation AB\",\"isPartOf\":{\"@id\":\"https:\\\/\\\/inatech.se\\\/#website\"},\"primaryImageOfPage\":{\"@id\":\"https:\\\/\\\/inatech.se\\\/website-info\\\/#primaryimage\"},\"image\":{\"@id\":\"https:\\\/\\\/inatech.se\\\/website-info\\\/#primaryimage\"},\"thumbnailUrl\":\"https:\\\/\\\/inatech.se\\\/wp-content\\\/uploads\\\/2024\\\/09\\\/1-1.jpg\",\"datePublished\":\"2024-09-05T08:57:28+00:00\",\"dateModified\":\"2024-09-18T12:52:54+00:00\",\"breadcrumb\":{\"@id\":\"https:\\\/\\\/inatech.se\\\/website-info\\\/#breadcrumb\"},\"inLanguage\":\"en-US\",\"potentialAction\":[{\"@type\":\"ReadAction\",\"target\":[\"https:\\\/\\\/inatech.se\\\/website-info\\\/\"]}]},{\"@type\":\"ImageObject\",\"inLanguage\":\"en-US\",\"@id\":\"https:\\\/\\\/inatech.se\\\/website-info\\\/#primaryimage\",\"url\":\"https:\\\/\\\/inatech.se\\\/wp-content\\\/uploads\\\/2024\\\/09\\\/1-1.jpg\",\"contentUrl\":\"https:\\\/\\\/inatech.se\\\/wp-content\\\/uploads\\\/2024\\\/09\\\/1-1.jpg\",\"width\":1920,\"height\":1280},{\"@type\":\"BreadcrumbList\",\"@id\":\"https:\\\/\\\/inatech.se\\\/website-info\\\/#breadcrumb\",\"itemListElement\":[{\"@type\":\"ListItem\",\"position\":1,\"name\":\"Hem\",\"item\":\"https:\\\/\\\/inatech.se\\\/en\\\/home\\\/\"},{\"@type\":\"ListItem\",\"position\":2,\"name\":\"Website info\"}]},{\"@type\":\"WebSite\",\"@id\":\"https:\\\/\\\/inatech.se\\\/#website\",\"url\":\"https:\\\/\\\/inatech.se\\\/\",\"name\":\"INATECH Industriautomation AB\",\"description\":\"\",\"potentialAction\":[{\"@type\":\"SearchAction\",\"target\":{\"@type\":\"EntryPoint\",\"urlTemplate\":\"https:\\\/\\\/inatech.se\\\/?s={search_term_string}\"},\"query-input\":{\"@type\":\"PropertyValueSpecification\",\"valueRequired\":true,\"valueName\":\"search_term_string\"}}],\"inLanguage\":\"en-US\"}]}<\/script>\n<!-- \/ Yoast SEO plugin. -->","yoast_head_json":{"title":"Website info - INATECH Industriautomation AB","robots":{"index":"index","follow":"follow","max-snippet":"max-snippet:-1","max-image-preview":"max-image-preview:large","max-video-preview":"max-video-preview:-1"},"canonical":"https:\/\/inatech.se\/website-info\/","og_locale":"en_US","og_type":"article","og_title":"Website info - INATECH Industriautomation AB","og_description":"Upphovsr\u00e4tt m.m. Inneh\u00e5llet i dessa Internetpresentationer \u00e4r upphovsr\u00e4ttsligt skyddat. Nedladdning av inneh\u00e5llet i denna Internetpresentation f\u00e5r endast ske f\u00f6r personligt, icke kommersiellt, internt bruk. F\u00f6r \u00f6vrigt f\u00e5r logotyper, grafik, text eller bilder p\u00e5 dessa Internetsidor endast anv\u00e4ndas efter skriftlig \u00f6verenskommelse med respektive upphovsr\u00e4ttsinnehavare. Anv\u00e4ndning omfattar men \u00e4r inte begr\u00e4nsat till kopiering, annat m\u00e5ngfaldnigande, f\u00f6r\u00e4ndring, publicering, [&hellip;]","og_url":"https:\/\/inatech.se\/website-info\/","og_site_name":"INATECH Industriautomation AB","article_modified_time":"2024-09-18T12:52:54+00:00","og_image":[{"width":1920,"height":1280,"url":"https:\/\/inatech.se\/wp-content\/uploads\/2024\/09\/1-1.jpg","type":"image\/jpeg"}],"twitter_card":"summary_large_image","twitter_misc":{"Est. reading time":"5 minutes"},"schema":{"@context":"https:\/\/schema.org","@graph":[{"@type":"WebPage","@id":"https:\/\/inatech.se\/website-info\/","url":"https:\/\/inatech.se\/website-info\/","name":"Website info - INATECH Industriautomation AB","isPartOf":{"@id":"https:\/\/inatech.se\/#website"},"primaryImageOfPage":{"@id":"https:\/\/inatech.se\/website-info\/#primaryimage"},"image":{"@id":"https:\/\/inatech.se\/website-info\/#primaryimage"},"thumbnailUrl":"https:\/\/inatech.se\/wp-content\/uploads\/2024\/09\/1-1.jpg","datePublished":"2024-09-05T08:57:28+00:00","dateModified":"2024-09-18T12:52:54+00:00","breadcrumb":{"@id":"https:\/\/inatech.se\/website-info\/#breadcrumb"},"inLanguage":"en-US","potentialAction":[{"@type":"ReadAction","target":["https:\/\/inatech.se\/website-info\/"]}]},{"@type":"ImageObject","inLanguage":"en-US","@id":"https:\/\/inatech.se\/website-info\/#primaryimage","url":"https:\/\/inatech.se\/wp-content\/uploads\/2024\/09\/1-1.jpg","contentUrl":"https:\/\/inatech.se\/wp-content\/uploads\/2024\/09\/1-1.jpg","width":1920,"height":1280},{"@type":"BreadcrumbList","@id":"https:\/\/inatech.se\/website-info\/#breadcrumb","itemListElement":[{"@type":"ListItem","position":1,"name":"Hem","item":"https:\/\/inatech.se\/en\/home\/"},{"@type":"ListItem","position":2,"name":"Website info"}]},{"@type":"WebSite","@id":"https:\/\/inatech.se\/#website","url":"https:\/\/inatech.se\/","name":"INATECH Industriautomation AB","description":"","potentialAction":[{"@type":"SearchAction","target":{"@type":"EntryPoint","urlTemplate":"https:\/\/inatech.se\/?s={search_term_string}"},"query-input":{"@type":"PropertyValueSpecification","valueRequired":true,"valueName":"search_term_string"}}],"inLanguage":"en-US"}]}},"_links":{"self":[{"href":"https:\/\/inatech.se\/en\/wp-json\/wp\/v2\/pages\/30891","targetHints":{"allow":["GET"]}}],"collection":[{"href":"https:\/\/inatech.se\/en\/wp-json\/wp\/v2\/pages"}],"about":[{"href":"https:\/\/inatech.se\/en\/wp-json\/wp\/v2\/types\/page"}],"author":[{"embeddable":true,"href":"https:\/\/inatech.se\/en\/wp-json\/wp\/v2\/users\/1"}],"replies":[{"embeddable":true,"href":"https:\/\/inatech.se\/en\/wp-json\/wp\/v2\/comments?post=30891"}],"version-history":[{"count":7,"href":"https:\/\/inatech.se\/en\/wp-json\/wp\/v2\/pages\/30891\/revisions"}],"predecessor-version":[{"id":30965,"href":"https:\/\/inatech.se\/en\/wp-json\/wp\/v2\/pages\/30891\/revisions\/30965"}],"wp:featuredmedia":[{"embeddable":true,"href":"https:\/\/inatech.se\/en\/wp-json\/wp\/v2\/media\/30839"}],"wp:attachment":[{"href":"https:\/\/inatech.se\/en\/wp-json\/wp\/v2\/media?parent=30891"}],"curies":[{"name":"wp","href":"https:\/\/api.w.org\/{rel}","templated":true}]}}